{"id":4590,"date":"2022-01-19T14:40:02","date_gmt":"2022-01-19T13:40:02","guid":{"rendered":"https:\/\/www.stamping-fairies.de\/blog\/?page_id=4590"},"modified":"2022-01-19T15:47:29","modified_gmt":"2022-01-19T14:47:29","slug":"das-sind-wir","status":"publish","type":"page","link":"https:\/\/www.stamping-fairies.de\/blog\/das-sind-wir\/","title":{"rendered":"Das sind Wir"},"content":{"rendered":"\n<h3 class=\"has-text-align-center wp-block-heading\"><strong>Unser Team<\/strong><\/h3>\n\n\n\n<figure class=\"wp-block-gallery columns-1 is-cropped wp-block-gallery-1 is-layout-flex wp-block-gallery-is-layout-flex\"><ul class=\"blocks-gallery-grid\"><li class=\"blocks-gallery-item\"><figure><a href=\"https:\/\/www.stamping-fairies.de\/blog\/?attachment_id=4600\"><img loading=\"lazy\" decoding=\"async\" width=\"1024\" height=\"341\" src=\"https:\/\/www.stamping-fairies.de\/blog\/wp-content\/uploads\/2022\/01\/SF-Team-1024x341.jpg\" alt=\"\" data-id=\"4600\" data-full-url=\"https:\/\/www.stamping-fairies.de\/blog\/wp-content\/uploads\/2022\/01\/SF-Team-scaled.jpg\" data-link=\"https:\/\/www.stamping-fairies.de\/blog\/?attachment_id=4600\" class=\"wp-image-4600\" srcset=\"https:\/\/www.stamping-fairies.de\/blog\/wp-content\/uploads\/2022\/01\/SF-Team-1024x341.jpg 1024w, https:\/\/www.stamping-fairies.de\/blog\/wp-content\/uploads\/2022\/01\/SF-Team-300x100.jpg 300w, https:\/\/www.stamping-fairies.de\/blog\/wp-content\/uploads\/2022\/01\/SF-Team-768x256.jpg 768w, https:\/\/www.stamping-fairies.de\/blog\/wp-content\/uploads\/2022\/01\/SF-Team-1536x512.jpg 1536w, https:\/\/www.stamping-fairies.de\/blog\/wp-content\/uploads\/2022\/01\/SF-Team-2048x683.jpg 2048w, https:\/\/www.stamping-fairies.de\/blog\/wp-content\/uploads\/2022\/01\/SF-Team-1140x380.jpg 1140w\" sizes=\"auto, (max-width: 1024px) 100vw, 1024px\" \/><\/a><\/figure><\/li><\/ul><\/figure>\n\n\n\n<p>Hallo, ich bin Alexandra Reicherdt und die Inhaberin von Stamping\u2013Fairies.&nbsp;Ich bin neben Vincent und Michael eine von den Personen, die f\u00fcr euch im Hintergrund arbeiten .Ob packen, Finanzen,&nbsp; Waren Einkauf oder hier im Gesch\u00e4ft stehe ich euch zur Verf\u00fcgung. Gerne auch bei Fragen zu eurer Bestellung oder zu Produkten.<\/p>\n\n\n\n<p><br>Moin! Ich bin Michael, ich bin hier f\u00fcr alles Technische zust\u00e4ndig. Dazu geh\u00f6ren die kleinen und gro\u00dfen \u00c4nderungen am Onlineshop und dass der Rechner tut was er soll. Ich bin auch f\u00fcr die Wareneingabe zust\u00e4ndig<\/p>\n\n\n\n<p><br>Gr\u00fc\u00dfe, ich bin Vincent.Arbeite schon seit ne Zeit an der Seite von Alexandra und Michael mit ihnen zusammen im Shop.Springe als Ersatz ein, wenn die beiden mal im Urlaub sind. Meine Hauptaufgaben im Shop sind Bestellungen Packen, die Grafiken zu erstellen wie Kategorie-Bilder und auch die Slider die ihr vorne seht.<\/p>\n\n\n\n<h3 class=\"has-text-align-center wp-block-heading\"><strong>Unser Laden<\/strong><\/h3>\n\n\n\n<figure class=\"wp-block-gallery columns-1 is-cropped wp-block-gallery-2 is-layout-flex wp-block-gallery-is-layout-flex\"><ul class=\"blocks-gallery-grid\"><li class=\"blocks-gallery-item\"><figure><img loading=\"lazy\" decoding=\"async\" width=\"945\" height=\"756\" src=\"https:\/\/www.stamping-fairies.de\/blog\/wp-content\/uploads\/2022\/01\/Laden-Collage.png\" alt=\"\" data-id=\"4601\" data-full-url=\"https:\/\/www.stamping-fairies.de\/blog\/wp-content\/uploads\/2022\/01\/Laden-Collage.png\" data-link=\"https:\/\/www.stamping-fairies.de\/blog\/?attachment_id=4601\" class=\"wp-image-4601\" srcset=\"https:\/\/www.stamping-fairies.de\/blog\/wp-content\/uploads\/2022\/01\/Laden-Collage.png 945w, https:\/\/www.stamping-fairies.de\/blog\/wp-content\/uploads\/2022\/01\/Laden-Collage-300x240.png 300w, https:\/\/www.stamping-fairies.de\/blog\/wp-content\/uploads\/2022\/01\/Laden-Collage-768x614.png 768w\" sizes=\"auto, (max-width: 945px) 100vw, 945px\" \/><\/figure><\/li><\/ul><\/figure>\n","protected":false},"excerpt":{"rendered":"<p>Unser Team Hallo, ich bin Alexandra Reicherdt und die Inhaberin von Stamping\u2013Fairies.&nbsp;Ich bin neben Vincent und Michael eine von den Personen, die f\u00fcr euch im Hintergrund arbeiten .Ob packen, Finanzen,&nbsp; Waren Einkauf oder hier im Gesch\u00e4ft stehe ich euch zur Verf\u00fcgung. Gerne auch bei Fragen zu eurer Bestellung oder zu Produkten. Moin! Ich bin Michael, ich bin hier f\u00fcr alles Technische zust\u00e4ndig. Dazu geh\u00f6ren die kleinen und gro\u00dfen \u00c4nderungen am Onlineshop und dass der Rechner tut was er soll. Ich bin auch f\u00fcr die Wareneingabe zust\u00e4ndig Gr\u00fc\u00dfe, ich bin Vincent.Arbeite schon seit ne Zeit an der Seite von Alexandra und Michael mit ihnen zusammen im Shop.Springe als Ersatz ein, wenn die beiden mal im Urlaub sind. Meine Hauptaufgaben im Shop sind Bestellungen Packen, die Grafiken zu erstellen wie Kategorie-Bilder und auch die Slider die ihr vorne seht. Unser Laden<\/p>\n","protected":false},"author":1,"featured_media":0,"parent":0,"menu_order":0,"comment_status":"closed","ping_status":"closed","template":"","meta":{"footnotes":""},"class_list":["post-4590","page","type-page","status-publish","hentry"],"_links":{"self":[{"href":"https:\/\/www.stamping-fairies.de\/blog\/wp-json\/wp\/v2\/pages\/4590","targetHints":{"allow":["GET"]}}],"collection":[{"href":"https:\/\/www.stamping-fairies.de\/blog\/wp-json\/wp\/v2\/pages"}],"about":[{"href":"https:\/\/www.stamping-fairies.de\/blog\/wp-json\/wp\/v2\/types\/page"}],"author":[{"embeddable":true,"href":"https:\/\/www.stamping-fairies.de\/blog\/wp-json\/wp\/v2\/users\/1"}],"replies":[{"embeddable":true,"href":"https:\/\/www.stamping-fairies.de\/blog\/wp-json\/wp\/v2\/comments?post=4590"}],"version-history":[{"count":7,"href":"https:\/\/www.stamping-fairies.de\/blog\/wp-json\/wp\/v2\/pages\/4590\/revisions"}],"predecessor-version":[{"id":4627,"href":"https:\/\/www.stamping-fairies.de\/blog\/wp-json\/wp\/v2\/pages\/4590\/revisions\/4627"}],"wp:attachment":[{"href":"https:\/\/www.stamping-fairies.de\/blog\/wp-json\/wp\/v2\/media?parent=4590"}],"curies":[{"name":"wp","href":"https:\/\/api.w.org\/{rel}","templated":true}]}}